{"id":337,"date":"2019-11-27T19:14:34","date_gmt":"2019-11-27T18:14:34","guid":{"rendered":"https:\/\/www.laurenzscheer.de\/kommunikation-in-der-arztpraxis\/?page_id=337"},"modified":"2025-01-08T14:07:54","modified_gmt":"2025-01-08T13:07:54","slug":"start","status":"publish","type":"page","link":"https:\/\/www.laurenzscheer.de\/kommunikation-in-der-medizin\/","title":{"rendered":"Start"},"content":{"rendered":"\t\t<div data-elementor-type=\"wp-page\" data-elementor-id=\"337\" class=\"elementor elementor-337\">\n\t\t\t\t\t\t<div class=\"elementor-inner\">\n\t\t\t\t<div class=\"elementor-section-wrap\">\n\t\t\t\t\t\t\t\t\t<header class=\"elementor-section elementor-top-section elementor-element elementor-element-43d4e53 elementor-section-full_width elementor-section-height-default elementor-section-height-default\" data-id=\"43d4e53\" data-element_type=\"section\" data-settings=\"{&quot;background_background&quot;:&quot;classic&quot;}\">\n\t\t\t\t\t\t<div class=\"elementor-container elementor-column-gap-no\">\n\t\t\t\t\t\t\t<div class=\"elementor-row\">\n\t\t\t\t\t<div class=\"elementor-column elementor-col-50 elementor-top-column elementor-element elementor-element-50a5fd3\" data-id=\"50a5fd3\" data-element_type=\"column\">\n\t\t\t<div class=\"elementor-column-wrap elementor-element-populated\">\n\t\t\t\t\t\t\t<div class=\"elementor-widget-wrap\">\n\t\t\t\t\t\t<div class=\"elementor-element elementor-element-63dab62 elementor-widget elementor-widget-image\" data-id=\"63dab62\" data-element_type=\"widget\" data-widget_type=\"image.default\">\n\t\t\t\t<div class=\"elementor-widget-container\">\n\t\t\t\t\t\t\t\t<div class=\"elementor-image\">\n\t\t\t\t\t\t\t\t\t\t\t\t<img loading=\"lazy\" decoding=\"async\" width=\"2000\" height=\"2000\" src=\"https:\/\/www.laurenzscheer.de\/wp-content\/uploads\/2019\/11\/scheer-laurenz.jpg\" class=\"elementor-animation-grow attachment-full size-full\" alt=\"Laurenz Scheer ist Linguist und Experte f\u00fcr Kommunikation in der Medizin in Dortmund\" srcset=\"https:\/\/www.laurenzscheer.de\/wp-content\/uploads\/2019\/11\/scheer-laurenz.jpg 2000w, https:\/\/www.laurenzscheer.de\/wp-content\/uploads\/2019\/11\/scheer-laurenz-300x300.jpg 300w, https:\/\/www.laurenzscheer.de\/wp-content\/uploads\/2019\/11\/scheer-laurenz-1024x1024.jpg 1024w, https:\/\/www.laurenzscheer.de\/wp-content\/uploads\/2019\/11\/scheer-laurenz-150x150.jpg 150w, https:\/\/www.laurenzscheer.de\/wp-content\/uploads\/2019\/11\/scheer-laurenz-768x768.jpg 768w, https:\/\/www.laurenzscheer.de\/wp-content\/uploads\/2019\/11\/scheer-laurenz-1536x1536.jpg 1536w\" sizes=\"(max-width: 2000px) 100vw, 2000px\" \/>\t\t\t\t\t\t\t\t\t\t\t\t\t\t<\/div>\n\t\t\t\t\t\t<\/div>\n\t\t\t\t<\/div>\n\t\t\t\t\t\t<\/div>\n\t\t\t\t\t<\/div>\n\t\t<\/div>\n\t\t\t\t<div class=\"elementor-column elementor-col-50 elementor-top-column elementor-element elementor-element-32126c8\" data-id=\"32126c8\" data-element_type=\"column\">\n\t\t\t<div class=\"elementor-column-wrap elementor-element-populated\">\n\t\t\t\t\t\t\t<div class=\"elementor-widget-wrap\">\n\t\t\t\t\t\t<div class=\"elementor-element elementor-element-585984c elementor-widget elementor-widget-heading\" data-id=\"585984c\" data-element_type=\"widget\" data-settings=\"{&quot;_animation&quot;:&quot;none&quot;}\" data-widget_type=\"heading.default\">\n\t\t\t\t<div class=\"elementor-widget-container\">\n\t\t\t<h1 class=\"elementor-heading-title elementor-size-xxl\"><b>Kommunikation<br>in der Medizin.<\/b><\/h1>\t\t<\/div>\n\t\t\t\t<\/div>\n\t\t\t\t<div class=\"elementor-element elementor-element-a246f43 elementor-widget elementor-widget-text-editor\" data-id=\"a246f43\" data-element_type=\"widget\" data-widget_type=\"text-editor.default\">\n\t\t\t\t<div class=\"elementor-widget-container\">\n\t\t\t\t\t\t\t\t<div class=\"elementor-text-editor elementor-clearfix\">\n\t\t\t\t<p>Hi, ich bin Laurenz Scheer. Irgendwo zwischen Linguistik und Marketing besch\u00e4ftige ich mich mit Kommunikation in der Medizin. Vor allem der Informationsaustausch zwischen \u00c4rztinnen\/\u00c4rzten und Patientinnen\/Patienten und Ma\u00dfnahmen zu dessen Optimierung \u2013 digital und analog \u2013 liegen im Fokus meiner Arbeit.<\/p>\t\t\t\t\t<\/div>\n\t\t\t\t\t\t<\/div>\n\t\t\t\t<\/div>\n\t\t\t\t<div class=\"elementor-element elementor-element-490655c elementor-shape-circle e-grid-align-left elementor-grid-0 elementor-widget elementor-widget-social-icons\" data-id=\"490655c\" data-element_type=\"widget\" data-widget_type=\"social-icons.default\">\n\t\t\t\t<div class=\"elementor-widget-container\">\n\t\t\t\t\t<div class=\"elementor-social-icons-wrapper elementor-grid\">\n\t\t\t\t\t\t\t<span class=\"elementor-grid-item\">\n\t\t\t\t\t<a class=\"elementor-icon elementor-social-icon elementor-social-icon-envelope elementor-animation-grow elementor-repeater-item-2bd2a1e\" href=\"mailto:post@laurenzscheer.de\" target=\"_blank\">\n\t\t\t\t\t\t<span class=\"elementor-screen-only\">Envelope<\/span>\n\t\t\t\t\t\t<i class=\"fas fa-envelope\"><\/i>\t\t\t\t\t<\/a>\n\t\t\t\t<\/span>\n\t\t\t\t\t\t\t<span class=\"elementor-grid-item\">\n\t\t\t\t\t<a class=\"elementor-icon elementor-social-icon elementor-social-icon-xing elementor-animation-grow elementor-repeater-item-3b22b93\" href=\"https:\/\/www.xing.com\/profile\/Laurenz_Scheer\" target=\"_blank\">\n\t\t\t\t\t\t<span class=\"elementor-screen-only\">Xing<\/span>\n\t\t\t\t\t\t<i class=\"fab fa-xing\"><\/i>\t\t\t\t\t<\/a>\n\t\t\t\t<\/span>\n\t\t\t\t\t<\/div>\n\t\t\t\t<\/div>\n\t\t\t\t<\/div>\n\t\t\t\t<div class=\"elementor-element elementor-element-a0341dd elementor-widget elementor-widget-button\" data-id=\"a0341dd\" data-element_type=\"widget\" data-widget_type=\"button.default\">\n\t\t\t\t<div class=\"elementor-widget-container\">\n\t\t\t\t\t<div class=\"elementor-button-wrapper\">\n\t\t\t<a href=\"#info\" class=\"elementor-button-link elementor-button elementor-size-sm\" role=\"button\">\n\t\t\t\t\t\t<span class=\"elementor-button-content-wrapper\">\n\t\t\t\t\t\t<span class=\"elementor-button-text\">Mehr erfahren<\/span>\n\t\t<\/span>\n\t\t\t\t\t<\/a>\n\t\t<\/div>\n\t\t\t\t<\/div>\n\t\t\t\t<\/div>\n\t\t\t\t\t\t<\/div>\n\t\t\t\t\t<\/div>\n\t\t<\/div>\n\t\t\t\t\t\t\t\t<\/div>\n\t\t\t\t\t<\/div>\n\t\t<\/header>\n\t\t\t\t<section class=\"elementor-section elementor-top-section elementor-element elementor-element-037f948 elementor-section-full_width elementor-section-height-default elementor-section-height-default\" data-id=\"037f948\" data-element_type=\"section\">\n\t\t\t\t\t\t<div class=\"elementor-container elementor-column-gap-no\">\n\t\t\t\t\t\t\t<div class=\"elementor-row\">\n\t\t\t\t\t<div class=\"elementor-column elementor-col-50 elementor-top-column elementor-element elementor-element-8583eb0\" data-id=\"8583eb0\" data-element_type=\"column\">\n\t\t\t<div class=\"elementor-column-wrap elementor-element-populated\">\n\t\t\t\t\t\t\t<div class=\"elementor-widget-wrap\">\n\t\t\t\t\t\t<div class=\"elementor-element elementor-element-978966b elementor-widget elementor-widget-menu-anchor\" data-id=\"978966b\" data-element_type=\"widget\" data-widget_type=\"menu-anchor.default\">\n\t\t\t\t<div class=\"elementor-widget-container\">\n\t\t\t\t\t<div id=\"info\" class=\"elementor-menu-anchor\"><\/div>\n\t\t\t\t<\/div>\n\t\t\t\t<\/div>\n\t\t\t\t<div class=\"elementor-element elementor-element-cef5ee3 elementor-widget elementor-widget-heading\" data-id=\"cef5ee3\" data-element_type=\"widget\" data-widget_type=\"heading.default\">\n\t\t\t\t<div class=\"elementor-widget-container\">\n\t\t\t<h2 class=\"elementor-heading-title elementor-size-xl\">Info<\/h2>\t\t<\/div>\n\t\t\t\t<\/div>\n\t\t\t\t<div class=\"elementor-element elementor-element-539fe92 elementor-widget elementor-widget-text-editor\" data-id=\"539fe92\" data-element_type=\"widget\" data-widget_type=\"text-editor.default\">\n\t\t\t\t<div class=\"elementor-widget-container\">\n\t\t\t\t\t\t\t\t<div class=\"elementor-text-editor elementor-clearfix\">\n\t\t\t\t<p>Ich bin Linguist (M.A.) und besch\u00e4ftige mich seit einigen Jahren wissenschaftlich und in der Praxis mit Sprache und Kommunikation in der Medizin. Mein Studium habe ich an der Uni M\u00fcnster mit einer Masterarbeit zur Verst\u00e4ndlichkeit medizinischer Online-Texte abgeschlossen.<\/p><p><span style=\"color: #000000;\">Teils als Freelancer, teils als fester Mitarbeiter set<\/span>ze ich <strong>Kommunikations- und Marketingma\u00dfnahmen speziell f\u00fcr Arztpraxen und medizinische Unternehmen<\/strong> um. Dazu geh\u00f6ren zum Beispiel Text- und Redaktionsarbeiten, Webseiten und andere Online-Auftritte, aber auch Printmaterialien wie Brosch\u00fcren, Magazine oder Infoflyer.<\/p><p>Nachdem ich zwei Jahre f\u00fcr die Unternehmenskommunikation des <a href=\"https:\/\/www.mvz-uhlenbrock.de\" target=\"_blank\" rel=\"noopener\">MVZ Prof. Dr. Uhlenbrock und Partner<\/a> in Dortmund verantwortlich war, bin ich seit 2020 an der Universit\u00e4t Witten\/Herdecke besch\u00e4ftigt und f\u00fcr Markenaufbau, Kommunikations- und \u00d6ffentlichkeitsarbeit der <a href=\"https:\/\/www.uniambulanz-witten.de\/\" target=\"_blank\" rel=\"noopener\">Universit\u00e4tsambulanz f\u00fcr Integrative Gesundheitsversorgung und Naturheilkunde<\/a> zust\u00e4ndig.<\/p>\t\t\t\t\t<\/div>\n\t\t\t\t\t\t<\/div>\n\t\t\t\t<\/div>\n\t\t\t\t\t\t<\/div>\n\t\t\t\t\t<\/div>\n\t\t<\/div>\n\t\t\t\t<div class=\"elementor-column elementor-col-50 elementor-top-column elementor-element elementor-element-0af72ab\" data-id=\"0af72ab\" data-element_type=\"column\">\n\t\t\t<div class=\"elementor-column-wrap elementor-element-populated\">\n\t\t\t\t\t\t\t<div class=\"elementor-widget-wrap\">\n\t\t\t\t\t\t<div class=\"elementor-element elementor-element-4166749 elementor-view-framed elementor-shape-circle elementor-widget elementor-widget-icon\" data-id=\"4166749\" data-element_type=\"widget\" data-widget_type=\"icon.default\">\n\t\t\t\t<div class=\"elementor-widget-container\">\n\t\t\t\t\t<div class=\"elementor-icon-wrapper\">\n\t\t\t<div class=\"elementor-icon elementor-animation-grow\">\n\t\t\t<i aria-hidden=\"true\" class=\"far fa-comments\"><\/i>\t\t\t<\/div>\n\t\t<\/div>\n\t\t\t\t<\/div>\n\t\t\t\t<\/div>\n\t\t\t\t\t\t<\/div>\n\t\t\t\t\t<\/div>\n\t\t<\/div>\n\t\t\t\t\t\t\t\t<\/div>\n\t\t\t\t\t<\/div>\n\t\t<\/section>\n\t\t\t\t<section class=\"elementor-section elementor-top-section elementor-element elementor-element-ad2cafb elementor-section-boxed elementor-section-height-default elementor-section-height-default\" data-id=\"ad2cafb\" data-element_type=\"section\" data-settings=\"{&quot;background_background&quot;:&quot;classic&quot;}\">\n\t\t\t\t\t\t<div class=\"elementor-container elementor-column-gap-default\">\n\t\t\t\t\t\t\t<div class=\"elementor-row\">\n\t\t\t\t\t<div class=\"elementor-column elementor-col-100 elementor-top-column elementor-element elementor-element-7401311\" data-id=\"7401311\" data-element_type=\"column\">\n\t\t\t<div class=\"elementor-column-wrap elementor-element-populated\">\n\t\t\t\t\t\t\t<div class=\"elementor-widget-wrap\">\n\t\t\t\t\t\t<div class=\"elementor-element elementor-element-dd1d683 elementor-widget elementor-widget-heading\" data-id=\"dd1d683\" data-element_type=\"widget\" data-widget_type=\"heading.default\">\n\t\t\t\t<div class=\"elementor-widget-container\">\n\t\t\t<h2 class=\"elementor-heading-title elementor-size-xl\">Kontakt<\/h2>\t\t<\/div>\n\t\t\t\t<\/div>\n\t\t\t\t<div class=\"elementor-element elementor-element-91c8369 elementor-widget elementor-widget-text-editor\" data-id=\"91c8369\" data-element_type=\"widget\" data-widget_type=\"text-editor.default\">\n\t\t\t\t<div class=\"elementor-widget-container\">\n\t\t\t\t\t\t\t\t<div class=\"elementor-text-editor elementor-clearfix\">\n\t\t\t\t<p style=\"text-align: center;\">Laurenz Scheer<br \/>post@laurenzscheer.de<\/p>\t\t\t\t\t<\/div>\n\t\t\t\t\t\t<\/div>\n\t\t\t\t<\/div>\n\t\t\t\t\t\t<\/div>\n\t\t\t\t\t<\/div>\n\t\t<\/div>\n\t\t\t\t\t\t\t\t<\/div>\n\t\t\t\t\t<\/div>\n\t\t<\/section>\n\t\t\t\t<footer class=\"elementor-section elementor-top-section elementor-element elementor-element-519d7ec elementor-section-full_width elementor-section-content-middle elementor-section-height-default elementor-section-height-default\" data-id=\"519d7ec\" data-element_type=\"section\" data-settings=\"{&quot;background_background&quot;:&quot;classic&quot;}\">\n\t\t\t\t\t\t<div class=\"elementor-container elementor-column-gap-default\">\n\t\t\t\t\t\t\t<div class=\"elementor-row\">\n\t\t\t\t\t<div class=\"elementor-column elementor-col-100 elementor-top-column elementor-element elementor-element-69e012e\" data-id=\"69e012e\" data-element_type=\"column\">\n\t\t\t<div class=\"elementor-column-wrap elementor-element-populated\">\n\t\t\t\t\t\t\t<div class=\"elementor-widget-wrap\">\n\t\t\t\t\t\t<div class=\"elementor-element elementor-element-56383de elementor-widget elementor-widget-text-editor\" data-id=\"56383de\" data-element_type=\"widget\" data-widget_type=\"text-editor.default\">\n\t\t\t\t<div class=\"elementor-widget-container\">\n\t\t\t\t\t\t\t\t<div class=\"elementor-text-editor elementor-clearfix\">\n\t\t\t\t<p>\u00a9 Laurenz Scheer 2025<\/p>\t\t\t\t\t<\/div>\n\t\t\t\t\t\t<\/div>\n\t\t\t\t<\/div>\n\t\t\t\t\t\t<\/div>\n\t\t\t\t\t<\/div>\n\t\t<\/div>\n\t\t\t\t\t\t\t\t<\/div>\n\t\t\t\t\t<\/div>\n\t\t<\/footer>\n\t\t\t\t\t\t\t\t\t<\/div>\n\t\t\t<\/div>\n\t\t\t\t\t<\/div>\n\t\t","protected":false},"excerpt":{"rendered":"<p>Kommunikationin der Medizin. Hi, ich bin Laurenz Scheer. Irgendwo zwischen Linguistik und Marketing besch\u00e4ftige ich mich mit Kommunikation in der Medizin. Vor allem der Informationsaustausch zwischen \u00c4rztinnen\/\u00c4rzten und Patientinnen\/Patienten und Ma\u00dfnahmen zu dessen Optimierung \u2013 digital und analog \u2013 liegen im Fokus meiner Arbeit. Envelope Xing Mehr erfahren Info Ich bin Linguist (M.A.) und besch\u00e4ftige mich seit einigen Jahren wissenschaftlich und in der Praxis mit Sprache und Kommunikation in der&hellip;<\/p>\n","protected":false},"author":1,"featured_media":0,"parent":0,"menu_order":0,"comment_status":"closed","ping_status":"closed","template":"elementor_canvas","meta":{"inline_featured_image":false,"footnotes":""},"yoast_head":"<!-- This site is optimized with the Yoast SEO plugin v16.3 - https:\/\/yoast.com\/wordpress\/plugins\/seo\/ -->\n<title>Laurenz Scheer \u2014 Kommunikation in der Medizin.<\/title>\n<meta name=\"description\" content=\"Laurenz Scheer ist Linguist. An der Schnittstelle zwischen Sprachwissenschaft und Marketing erarbeitet er Kommunikationsstrategien f\u00fcr Arztpraxen.\" \/>\n<meta name=\"robots\" content=\"index, follow, max-snippet:-1, max-image-preview:large, max-video-preview:-1\" \/>\n<link rel=\"canonical\" href=\"https:\/\/www.laurenzscheer.de\/kommunikation-in-der-medizin\/\" \/>\n<meta property=\"og:locale\" content=\"de_DE\" \/>\n<meta property=\"og:type\" content=\"article\" \/>\n<meta property=\"og:title\" content=\"Laurenz Scheer \u2014 Kommunikation in der Medizin.\" \/>\n<meta property=\"og:description\" content=\"Laurenz Scheer ist Linguist. An der Schnittstelle zwischen Sprachwissenschaft und Marketing erarbeitet er Kommunikationsstrategien f\u00fcr Arztpraxen.\" \/>\n<meta property=\"og:url\" content=\"https:\/\/www.laurenzscheer.de\/kommunikation-in-der-medizin\/\" \/>\n<meta property=\"og:site_name\" content=\"Laurenz Scheer\" \/>\n<meta property=\"article:modified_time\" content=\"2025-01-08T13:07:54+00:00\" \/>\n<meta property=\"og:image\" content=\"https:\/\/www.laurenzscheer.de\/wp-content\/uploads\/2019\/11\/scheer-laurenz.jpg\" \/>\n<meta name=\"twitter:card\" content=\"summary_large_image\" \/>\n<meta name=\"twitter:label1\" content=\"Gesch\u00e4tzte Lesezeit\">\n\t<meta name=\"twitter:data1\" content=\"1\u00a0Minute\">\n<script type=\"application\/ld+json\" class=\"yoast-schema-graph\">{\"@context\":\"https:\/\/schema.org\",\"@graph\":[{\"@type\":\"WebSite\",\"@id\":\"https:\/\/www.laurenzscheer.de\/kommunikation-in-der-medizin\/#website\",\"url\":\"https:\/\/www.laurenzscheer.de\/kommunikation-in-der-medizin\/\",\"name\":\"Laurenz Scheer\",\"description\":\"Kommunikation in der Medizin\",\"potentialAction\":[{\"@type\":\"SearchAction\",\"target\":\"https:\/\/www.laurenzscheer.de\/kommunikation-in-der-medizin\/?s={search_term_string}\",\"query-input\":\"required name=search_term_string\"}],\"inLanguage\":\"de\"},{\"@type\":\"ImageObject\",\"@id\":\"https:\/\/www.laurenzscheer.de\/kommunikation-in-der-medizin\/#primaryimage\",\"inLanguage\":\"de\",\"url\":\"https:\/\/www.laurenzscheer.de\/wp-content\/uploads\/2019\/11\/scheer-laurenz.jpg\",\"contentUrl\":\"https:\/\/www.laurenzscheer.de\/wp-content\/uploads\/2019\/11\/scheer-laurenz.jpg\",\"width\":2000,\"height\":2000,\"caption\":\"Laurenz Scheer ist Linguist und Experte f\\u00fcr Kommunikation in der Medizin in Dortmund\"},{\"@type\":\"WebPage\",\"@id\":\"https:\/\/www.laurenzscheer.de\/kommunikation-in-der-medizin\/#webpage\",\"url\":\"https:\/\/www.laurenzscheer.de\/kommunikation-in-der-medizin\/\",\"name\":\"Laurenz Scheer \\u2014 Kommunikation in der Medizin.\",\"isPartOf\":{\"@id\":\"https:\/\/www.laurenzscheer.de\/kommunikation-in-der-medizin\/#website\"},\"primaryImageOfPage\":{\"@id\":\"https:\/\/www.laurenzscheer.de\/kommunikation-in-der-medizin\/#primaryimage\"},\"datePublished\":\"2019-11-27T18:14:34+00:00\",\"dateModified\":\"2025-01-08T13:07:54+00:00\",\"description\":\"Laurenz Scheer ist Linguist. An der Schnittstelle zwischen Sprachwissenschaft und Marketing erarbeitet er Kommunikationsstrategien f\\u00fcr Arztpraxen.\",\"breadcrumb\":{\"@id\":\"https:\/\/www.laurenzscheer.de\/kommunikation-in-der-medizin\/#breadcrumb\"},\"inLanguage\":\"de\",\"potentialAction\":[{\"@type\":\"ReadAction\",\"target\":[\"https:\/\/www.laurenzscheer.de\/kommunikation-in-der-medizin\/\"]}]},{\"@type\":\"BreadcrumbList\",\"@id\":\"https:\/\/www.laurenzscheer.de\/kommunikation-in-der-medizin\/#breadcrumb\",\"itemListElement\":[{\"@type\":\"ListItem\",\"position\":1,\"item\":{\"@type\":\"WebPage\",\"@id\":\"https:\/\/www.laurenzscheer.de\/kommunikation-in-der-medizin\/\",\"url\":\"https:\/\/www.laurenzscheer.de\/kommunikation-in-der-medizin\/\",\"name\":\"Startseite\"}},{\"@type\":\"ListItem\",\"position\":2,\"item\":{\"@id\":\"https:\/\/www.laurenzscheer.de\/kommunikation-in-der-medizin\/#webpage\"}}]}]}<\/script>\n<!-- \/ Yoast SEO plugin. -->","_links":{"self":[{"href":"https:\/\/www.laurenzscheer.de\/kommunikation-in-der-medizin\/wp-json\/wp\/v2\/pages\/337"}],"collection":[{"href":"https:\/\/www.laurenzscheer.de\/kommunikation-in-der-medizin\/wp-json\/wp\/v2\/pages"}],"about":[{"href":"https:\/\/www.laurenzscheer.de\/kommunikation-in-der-medizin\/wp-json\/wp\/v2\/types\/page"}],"author":[{"embeddable":true,"href":"https:\/\/www.laurenzscheer.de\/kommunikation-in-der-medizin\/wp-json\/wp\/v2\/users\/1"}],"replies":[{"embeddable":true,"href":"https:\/\/www.laurenzscheer.de\/kommunikation-in-der-medizin\/wp-json\/wp\/v2\/comments?post=337"}],"version-history":[{"count":90,"href":"https:\/\/www.laurenzscheer.de\/kommunikation-in-der-medizin\/wp-json\/wp\/v2\/pages\/337\/revisions"}],"predecessor-version":[{"id":495,"href":"https:\/\/www.laurenzscheer.de\/kommunikation-in-der-medizin\/wp-json\/wp\/v2\/pages\/337\/revisions\/495"}],"wp:attachment":[{"href":"https:\/\/www.laurenzscheer.de\/kommunikation-in-der-medizin\/wp-json\/wp\/v2\/media?parent=337"}],"curies":[{"name":"wp","href":"https:\/\/api.w.org\/{rel}","templated":true}]}}